{"id":416,"date":"2024-09-27T17:49:10","date_gmt":"2024-09-27T15:49:10","guid":{"rendered":"http:\/\/localhost\/etcliment\/?page_id=416"},"modified":"2024-11-06T16:48:41","modified_gmt":"2024-11-06T14:48:41","slug":"media","status":"publish","type":"page","link":"https:\/\/cat700.com\/es\/media\/","title":{"rendered":"Media"},"content":{"rendered":"<p><img loading=\"lazy\" decoding=\"async\" class=\"alignnone wp-image-429 size-full\" src=\"https:\/\/cat700.com\/es\/wp-content\/uploads\/sites\/2\/2024\/09\/plantilla_fotos_portada_media.jpg\" alt=\"\" width=\"1900\" height=\"1100\" srcset=\"https:\/\/cat700.com\/es\/wp-content\/uploads\/sites\/2\/2024\/09\/plantilla_fotos_portada_media.jpg 1900w, https:\/\/cat700.com\/es\/wp-content\/uploads\/sites\/2\/2024\/09\/plantilla_fotos_portada_media-300x174.jpg 300w, https:\/\/cat700.com\/es\/wp-content\/uploads\/sites\/2\/2024\/09\/plantilla_fotos_portada_media-1024x593.jpg 1024w, https:\/\/cat700.com\/es\/wp-content\/uploads\/sites\/2\/2024\/09\/plantilla_fotos_portada_media-768x445.jpg 768w, https:\/\/cat700.com\/es\/wp-content\/uploads\/sites\/2\/2024\/09\/plantilla_fotos_portada_media-1536x889.jpg 1536w\" sizes=\"(max-width: 1900px) 100vw, 1900px\" \/><\/p>\r\n<p>&nbsp;<\/p>\r\n<!-- \/wp:image -->\r\n\r\n<!-- wp:heading {\"align\":\"center\",\"className\":\"\u201dwp-block-heading\u201d\"} -->\r\n<h3 id=\"\u201dCAT700\u2033\" class=\"has-text-align-center \u201dwp-block-heading\u201d\"><b>Una historia visual desde 2015<\/b><\/h3>\r\n<!-- \/wp:heading -->\r\n\r\n<!-- wp:paragraph {\"textColor\":\"very-dark-gray\"} -->\r\n<p class=\"has-text-color has-very-dark-gray-color\"><span lang=\"ca-ES\">Si quieres hacerte una idea de la esencia de la CAT700 y la Gran Vertical, s\u00f3lo tienes que echar un vistazo a nuestra trayectoria, a trav\u00e9s de las im\u00e1genes, v\u00eddeos y programas televisivos. \u00c9sta es nuestra historia en formato visual.<\/span><\/p>\r\n<p><span style=\"color: #333333;\">Visita nuestro canal de<\/span> <a href=\"http:\/\/www.youtube.com\/@CAT-ix5uw\" target=\"_blank\" rel=\"noopener\">YouTube<\/a>.<\/p>\r\n<p class=\"has-text-color has-very-dark-gray-color\"><!-- \/wp:heading --><\/p>\r\n<!-- wp:paragraph {\"textColor\":\"very-dark-gray\"}  -->\r\n<p class=\"has-text-color has-very-dark-gray-color\">\u00a0<\/p>\r\n<!-- \/wp:paragraph -->\r\n\r\n<!-- wp:paragraph --><!-- \/wp:paragraph -->\r\n\r\n<!-- wp:image {\"id\":266,\"className\":\"size-full\"} -->\r\n<figure class=\"wp-block-image size-full\"><\/figure>\r\n\r\n<h3 class=\"has-text-align-center\" style=\"text-align: center;\">2024<br \/><iframe loading=\"lazy\" title=\"YouTube video player\" src=\"https:\/\/www.youtube.com\/embed\/uBuUDY8aTF0?si=jQ_ipP1h-gbcWAxx\" width=\"970\" height=\"450\" frameborder=\"0\" allowfullscreen=\"allowfullscreen\"><\/iframe><\/h3>\r\n<!-- \/wp:heading -->\r\n\r\n<!-- wp:separator -->\r\n<h3 class=\"has-text-align-center\" style=\"text-align: center;\">2023<br \/><iframe loading=\"lazy\" title=\"YouTube video player\" src=\"https:\/\/www.youtube.com\/embed\/-yTh49MTmkc\" width=\"970\" height=\"450\" frameborder=\"0\" allowfullscreen=\"allowfullscreen\"><\/iframe><\/h3>\r\n<!-- \/wp:heading -->\r\n\r\n<!-- wp:separator -->\r\n<h3 style=\"text-align: center;\">2022<br \/><iframe loading=\"lazy\" title=\"YouTube video player\" src=\"https:\/\/www.youtube.com\/embed\/ciordH6sJ2c\" width=\"970\" height=\"450\" frameborder=\"0\" allowfullscreen=\"allowfullscreen\"><\/iframe><\/h3>\r\n<h3 style=\"text-align: center;\">2021<br \/><iframe loading=\"lazy\" title=\"YouTube video player\" src=\"https:\/\/www.youtube.com\/embed\/qKbQfLNeKgQ\" width=\"970\" height=\"450\" frameborder=\"0\" allowfullscreen=\"allowfullscreen\"><\/iframe><\/h3>\r\n<h3 style=\"text-align: center;\">2020<br \/><iframe loading=\"lazy\" src=\"https:\/\/www.youtube.com\/embed\/DeFCZ2dsSUI\" width=\"970\" height=\"450\" frameborder=\"0\" allowfullscreen=\"allowfullscreen\"><\/iframe><\/h3>\r\n<h3 style=\"text-align: center;\">2019<br \/><iframe loading=\"lazy\" src=\"https:\/\/www.ccma.cat\/video\/embed\/5878787\/\" width=\"970\" height=\"450\" frameborder=\"0\" allowfullscreen=\"allowfullscreen\"><\/iframe><\/h3>\r\n<h3 style=\"text-align: center;\">2018<br \/><iframe loading=\"lazy\" src=\"https:\/\/www.youtube.com\/embed\/yDWKqISA9iw\" width=\"970\" height=\"450\" frameborder=\"0\" allowfullscreen=\"allowfullscreen\"><\/iframe><\/h3>\r\n<h3 style=\"text-align: center;\">2017<br \/><iframe loading=\"lazy\" src=\"https:\/\/www.youtube.com\/embed\/UDSQ0fI7YhQ\" width=\"970\" height=\"450\" frameborder=\"0\" allowfullscreen=\"allowfullscreen\"><\/iframe><\/h3>\r\n<h3 style=\"text-align: center;\">2016<br \/><iframe loading=\"lazy\" src=\"https:\/\/player.vimeo.com\/video\/156847121?\" width=\"970\" height=\"450\" frameborder=\"0\" allowfullscreen=\"allowfullscreen\"><\/iframe><\/h3>\r\n<!-- wp:image {\"id\":266,\"className\":\"size-full\"} -->\r\n<figure class=\"wp-block-image size-full\"><\/figure>\r\n<h3 style=\"text-align: center;\">2015<br \/><iframe loading=\"lazy\" src=\"https:\/\/www.3cat.cat\/3cat\/video\/5538160\/embed\/\" width=\"970\" height=\"450\" frameborder=\"0\" allowfullscreen=\"allowfullscreen\"><\/iframe><\/h3>","protected":false},"excerpt":{"rendered":"<p>&nbsp; Una historia visual desde 2015 Si quieres hacerte una idea de la esencia de la CAT700 y la Gran Vertical, s\u00f3lo tienes que echar un vistazo a nuestra trayectoria, a trav\u00e9s de las im\u00e1genes, v\u00eddeos y programas televisivos. \u00c9sta es nuestra historia en formato visual. Visita nuestro canal de YouTube. \u00a0 2024 2023 2022 [&hellip;]<\/p>\n","protected":false},"author":1,"featured_media":0,"parent":0,"menu_order":0,"comment_status":"closed","ping_status":"closed","template":"template-fullwidth.php","meta":{"footnotes":""},"class_list":["post-416","page","type-page","status-publish","hentry"],"_links":{"self":[{"href":"https:\/\/cat700.com\/es\/wp-json\/wp\/v2\/pages\/416"}],"collection":[{"href":"https:\/\/cat700.com\/es\/wp-json\/wp\/v2\/pages"}],"about":[{"href":"https:\/\/cat700.com\/es\/wp-json\/wp\/v2\/types\/page"}],"author":[{"embeddable":true,"href":"https:\/\/cat700.com\/es\/wp-json\/wp\/v2\/users\/1"}],"replies":[{"embeddable":true,"href":"https:\/\/cat700.com\/es\/wp-json\/wp\/v2\/comments?post=416"}],"version-history":[{"count":18,"href":"https:\/\/cat700.com\/es\/wp-json\/wp\/v2\/pages\/416\/revisions"}],"predecessor-version":[{"id":610,"href":"https:\/\/cat700.com\/es\/wp-json\/wp\/v2\/pages\/416\/revisions\/610"}],"wp:attachment":[{"href":"https:\/\/cat700.com\/es\/wp-json\/wp\/v2\/media?parent=416"}],"curies":[{"name":"wp","href":"https:\/\/api.w.org\/{rel}","templated":true}]}}