{"id":432,"date":"2024-09-27T18:32:16","date_gmt":"2024-09-27T16:32:16","guid":{"rendered":"http:\/\/localhost\/etcliment\/?page_id=432"},"modified":"2025-11-25T12:43:21","modified_gmt":"2025-11-25T10:43:21","slug":"qui-som","status":"publish","type":"page","link":"https:\/\/cat700.com\/es\/qui-som\/","title":{"rendered":"Qui\u00e9nes somos?"},"content":{"rendered":"<p><img loading=\"lazy\" decoding=\"async\" class=\"alignnone wp-image-435 size-full\" src=\"https:\/\/cat700.com\/es\/wp-content\/uploads\/sites\/2\/2024\/09\/plantilla_fotos_portada_qui-som.jpg\" alt=\"\" width=\"1900\" height=\"1100\" srcset=\"https:\/\/cat700.com\/es\/wp-content\/uploads\/sites\/2\/2024\/09\/plantilla_fotos_portada_qui-som.jpg 1900w, https:\/\/cat700.com\/es\/wp-content\/uploads\/sites\/2\/2024\/09\/plantilla_fotos_portada_qui-som-300x174.jpg 300w, https:\/\/cat700.com\/es\/wp-content\/uploads\/sites\/2\/2024\/09\/plantilla_fotos_portada_qui-som-1024x593.jpg 1024w, https:\/\/cat700.com\/es\/wp-content\/uploads\/sites\/2\/2024\/09\/plantilla_fotos_portada_qui-som-768x445.jpg 768w, https:\/\/cat700.com\/es\/wp-content\/uploads\/sites\/2\/2024\/09\/plantilla_fotos_portada_qui-som-1536x889.jpg 1536w\" sizes=\"(max-width: 1900px) 100vw, 1900px\" \/><\/p>\r\n<h3 id=\"\u201dCAT700\u2033\" class=\"has-text-align-center \u201dwp-block-heading\u201d\"><b>La Asociaci\u00f3n Deportiva CAT700<\/b><\/h3>\r\n<!-- \/wp:heading -->\r\n\r\n<!-- wp:paragraph {\"textColor\":\"very-dark-gray\"} -->\r\n<p class=\"has-text-color has-very-dark-gray-color\">Os preguntar\u00e9is qui\u00e9n est\u00e1 detr\u00e1s de la CAT700 y la Gran Vertical. Somos la Asociaci\u00f3n Deportiva CAT700, especializada en la organizaci\u00f3n de eventos ciclistas, con el objetivo de fomentar el viaje en bicicleta y \u00e9ste como dinamizador de las econom\u00edas locales, a partir del respeto y la conexi\u00f3n con el territorio. Apostamos por un ciclismo de la empat\u00eda, aqu\u00e9l que transforma la experiencia del pedal en una intensa experiencia humana y de intercambio con la gente de los lugares.<\/p>\r\n<p class=\"has-text-color has-very-dark-gray-color\">El n\u00facleo duro de la asociaci\u00f3n lo representamos tres figuras que, por nuestro bagaje y experiencia, conformamos un maridaje \u00fanico para el dise\u00f1o y la organizaci\u00f3n de nuestras propuestas. Hemos reunido a nuestro alrededor unos colaboradores imprescindibles sin los cuales nuestros proyectos dif\u00edcilmente llegaban a buen puerto.<\/p>\r\n<p class=\"has-text-color has-very-dark-gray-color\">A todo el equipo, junto o por separado, nos encontrar\u00e1s en los rincones m\u00e1s inesperados de la geograf\u00eda, esperando tu paso, haci\u00e9ndote fotos, grabando en video y asisti\u00e9ndote con nuestros \u00e1nimos y con una buena dosis de sentido del humor.<\/p>\r\n<!-- \/wp:paragraph -->\r\n\r\n<!-- wp:heading {\"align\":\"center\"} -->\r\n<h5 style=\"text-align: center;\"><strong>Los tres pilares<\/strong><\/h5>\r\n<p class=\"has-text-color has-very-dark-gray-color\"><b>M\u00f2nica Aguilera<\/b><\/p>\r\n<p class=\"has-text-color has-very-dark-gray-color\">A pie, en bici o remando, siempre he tenido una especial predilecci\u00f3n por sumar kil\u00f3metros, la excusa perfecta para conocer mundo y sumar nuevas experiencias.<\/p>\r\n<p class=\"has-text-color has-very-dark-gray-color\">De joven empec\u00e9 a competir en bicicleta de monta\u00f1a y posteriormente en carreras de orientaci\u00f3n, abri\u00e9ndome las puertas a lo que fue mi primera gran pasi\u00f3n deportiva, los raids de aventura, disciplina en la que crec\u00ed como deportista y como persona, con todos los valores que comporta el deporte de \u00e9lite, de larga distancia, de equipo y autosuficiencia. Con el equipo Salomon Extrem, ganamos los Mundiales de Raids en los a\u00f1os 2000 y 2001. Posteriormente llegar\u00edan otras victorias y podios en raids de expedici\u00f3n de prestigio internacional, competiciones de hasta 10 d\u00edas non-stop. He subido a lo m\u00e1s alto del podio de la Ecomotion de Brasil, El Desaf\u00edo de los Volcanes de Argentina y Chile, el Traves\u00eda Max y el 7 Cerros Medell\u00edn de Colombia o el Camdex de M\u00e9xico. Tambi\u00e9n he participado en diversas ediciones del Raid Gauloises (Ecuador, Nepal y Kirgystan) y del ARWC (Costa Rica, Isla Reuni\u00f3n y Sud\u00e1frica).<\/p>\r\n<p class=\"has-text-color has-very-dark-gray-color\">A t\u00edtulo individual, en 2007 inici\u00e9 mi camino en carreras de monta\u00f1a y ultratrail. En 2010 venc\u00ed el prestigioso Marathon des Sables, siendo la primera atleta espa\u00f1ola en lograrlo. Tambi\u00e9n he subido al podio de una de las consideradas ultratrails m\u00e1s importantes, el Ultra Trail del Mont Blanc (UTMB), finalizando en 2007 en segunda posici\u00f3n y en 2009 en tercer lugar. He ganado la Transgrancanaria, Transvulcania y el Trail Anteto, y maratones de prestigio como el Alpino Madrile\u00f1o, el Marat\u00f3n de San Lloren\u00e7 Savall, el Marat\u00f3n Alpino Jarapalos o el Marat\u00f3n de Espad\u00e1n.<\/p>\r\n<p class=\"has-text-color has-very-dark-gray-color\">En los \u00faltimos a\u00f1os, he centrado mi vida deportiva en la orientaci\u00f3n en bicicleta de monta\u00f1a, sumando 12 convocatorias con la absoluta selecci\u00f3n espa\u00f1ola.<\/p>\r\n<p class=\"has-text-color has-very-dark-gray-color\">Mi pasi\u00f3n la he convertido en mi trabajo. Licenciada en Ciencias de la Educaci\u00f3n F\u00edsica y el Deporte, hace m\u00e1s de 15 a\u00f1os que me dedico a organizar distintos tipos de eventos deportivos al aire libre. Siempre me gusta ofrecer productos donde los participantes disfruten de la experiencia, plante\u00e1ndoles retos y actividades que les dejen huella y los enriquezcan.<b><\/b><\/p>\r\n<p class=\"has-text-color has-very-dark-gray-color\"><!-- \/wp:paragraph --><!-- \/wp:heading -->\r\n\r\n<!-- wp:paragraph {\"textColor\":\"very-dark-gray\"}  --><\/p>\r\n<p>&nbsp;<\/p>\r\n<p class=\"has-text-color has-very-dark-gray-color\"><strong>Carles Lor\u00e9<\/strong><\/p>\r\n<p class=\"has-text-color has-very-dark-gray-color\">Podr\u00eda decir que soy curioso, amante de los viajes, inquieto por conocer lo desconocido, y siempre dispuesto a afrontar nuevos retos. Mis or\u00edgenes deportivos fueron en el mundo de la escalada y la alta monta\u00f1a. Con 14 a\u00f1os ya ten\u00eda una inquietud especial en descubrir nuevos rincones y cimas, inquietud que sigo teniendo a d\u00eda de hoy. Esta afici\u00f3n por la escalada me llev\u00f3 a los a\u00f1os 80 a realizar un buen n\u00famero de ascensiones a grandes paredes, tanto de Catalu\u00f1a, como del Pirineo, y de los Alpes cuando ten\u00edamos la oportunidad de viajar.<\/p>\r\n<p class=\"has-text-color has-very-dark-gray-color\">A los 25 a\u00f1os me titul\u00e9 y ejerc\u00ed unos a\u00f1os como instructor de la ECAM (Escola Catala d&#8217;Alta Muntanya) y EEAM (Escuela Espa\u00f1ola de Alta Monta\u00f1a)en escalada en roca, realizando varios estudios y cl\u00ednics sobre equipamientos y seguridad.<\/p>\r\n<p class=\"has-text-color has-very-dark-gray-color\">Ya en la d\u00e9cada de los 90 conozco las carreras de orientaci\u00f3n y me dedico en cuerpo y alma a competir por toda Europa y en sus diferentes modalidades: carrera a pie, bicicleta de monta\u00f1a, raids de aventura\u2026 Soy t\u00e9cnico titulado en carreras de orientaci\u00f3n y he ejercido como formador de este deporte, y recientemente como entrenador. Como promotor y dirigente deportivo, estuve 19 a\u00f1os en la junta de la Federaci\u00f3n de Carreras de Orientaci\u00f3n de Catalunya, 15 como vicepresidente y 4 como presidente.<\/p>\r\n<p class=\"has-text-color has-very-dark-gray-color\">En 1992 hice mi primer viaje en bicicleta y el destino escogido fue la Ring Road: ruta circular de 1300 km en Islandia. En aquellos a\u00f1os, la ruta no era tan conocida como ahora, y del viaje se public\u00f3 posteriormente un art\u00edculo en la revista <em>Extrem<\/em> que seguro hizo que otros viajeros se animaran a probarlo.<\/p>\r\n<p class=\"has-text-color has-very-dark-gray-color\">Aficionado a la fotograf\u00eda desde peque\u00f1o, la c\u00e1mara siempre me acompa\u00f1a en mis viajes y salidas a la monta\u00f1a. Me gustan las im\u00e1genes desde lejos, as\u00ed que detr\u00e1s de mi Fuji nunca sabes d\u00f3nde me encontrar\u00e1s. Si ten\u00e9is previsto participar en la CAT700, \u00a1estad atentos!<\/p>\r\n<!-- \/wp:heading -->\r\n\r\n<!-- wp:paragraph {\"textColor\":\"very-dark-gray\"}  -->\r\n<p>&nbsp;<\/p>\r\n<p class=\"has-text-color has-very-dark-gray-color\"><b>Eliseu T. Climent<\/b><\/p>\r\n<p class=\"has-text-color has-very-dark-gray-color\">Con 14 a\u00f1os compr\u00e9 las primeras alforjas, con las que me lanc\u00e9 a explorar. Eran microviajes de adolescente cerca de casa, en bicicleta, pasando la noche bajo las estrellas. Para que os hag\u00e1is una idea, todo esto suced\u00eda en 1982.<\/p>\r\n<p class=\"has-text-color has-very-dark-gray-color\">La fiebre por el viaje a pedales me ha llevado a atravesar en cinco ocasiones los Pirineos por distintos itinerarios (tierra y asfalto) y a velocidades diversas, desde versiones tranquilas hasta una expr\u00e9s en cinco d\u00edas. Tambi\u00e9n he recorrido los Alpes y sus puertos de asfalto y tierra, Dolomitas y m\u00faltiples rincones de Europa; y el Atlas marroqu\u00ed, y Ben\u00edn, en \u00c1frica subsahariana. Cuba, Islandia o Finlandia, \u00e9sta en versi\u00f3n hivernal con temperaturas que superaron (por debajo) los 20 grados bajo cero, son algunos de los destinos que m\u00e1s me han marcado. En BTT, carretera o t\u00e1ndem, mi atracci\u00f3n por el pedal no decrece con el paso de los a\u00f1os. Pura patolog\u00eda.<\/p>\r\n<p class=\"has-text-color has-very-dark-gray-color\">A lo largo de mi vida, he compaginado la pasi\u00f3n por el territorio, las ganas de explorar y los deportes al aire libre (correr, esqu\u00ed de monta\u00f1a, telemark, ciclismo y cicloturismo, escalada\u2026) con mi formaci\u00f3n como fil\u00f3logo, gu\u00eda de monta\u00f1a, gu\u00eda de cicloturismo y mi profesi\u00f3n como periodista que, desde hace m\u00e1s de 30 a\u00f1os, me ha llevado a trabajar en revistas como <em>Desnivel<\/em>, <em>Grandes Espacios<\/em>, <em>Alta\u00efr<\/em>, <em>V\u00e8rtex<\/em>, <em>Trail<\/em> o <em>Volata<\/em>, y a publicar gu\u00edas de itinerarios, como el <em>Mapa-gu\u00eda de la Cavalls del Vent<\/em> (ed. Alpina), la gu\u00eda de trail running <em>Collserola. 20 itineraris per a descobrir-la<\/em> (ed. Alpina) o el recorrido en forma de mapa y tracks <em>Grand Gravel Maestrat i Puertos de Morella<\/em> (ed. Monte Editorial).<\/p>\r\n<p class=\"has-text-color has-very-dark-gray-color\">En 2013 y considerando la relaci\u00f3n tan \u00edntima, personal e intransferible que uno mantiene con sus bicicletas, lanc\u00e9 mi propia marca de cuadros hechos a medida, Gravel Cycles, especializada en gravel y bicicletas de viaje, donde yo mismo he estado dise\u00f1ando cada ejemplar, durante una d\u00e9cada, para hacer realidad sue\u00f1os y deseos de cada cliente.<\/p>\r\n<p class=\"has-text-color has-very-dark-gray-color\">Despu\u00e9s de crear, junto con Jordi Laparra, para la prestigiosa carrera ciclista Transpyr su versi\u00f3n en carretera (Transpyr Road), tuve claro que era necesario organizar eventos fuera de cron\u00f3metro que fomentaran el viaje, la sensibilidad por el territorio y sus paisajes, as\u00ed como la experiencia humana que implica un reto may\u00fasculo. Y as\u00ed se gest\u00f3 la CAT700, que no habr\u00eda visto la luz sin la implicaci\u00f3n del conjunto del equipo, en el que nos mueve, a todas y todos, el irresistible deseo por compartir con vosotros los lugares que conocemos.<\/p>\r\n<p class=\"has-text-color has-very-dark-gray-color\"><!-- \/wp:paragraph --><\/p>","protected":false},"excerpt":{"rendered":"<p>La Asociaci\u00f3n Deportiva CAT700 Os preguntar\u00e9is qui\u00e9n est\u00e1 detr\u00e1s de la CAT700 y la Gran Vertical. Somos la Asociaci\u00f3n Deportiva CAT700, especializada en la organizaci\u00f3n de eventos ciclistas, con el objetivo de fomentar el viaje en bicicleta y \u00e9ste como dinamizador de las econom\u00edas locales, a partir del respeto y la conexi\u00f3n con el territorio. [&hellip;]<\/p>\n","protected":false},"author":1,"featured_media":0,"parent":0,"menu_order":0,"comment_status":"closed","ping_status":"closed","template":"template-fullwidth.php","meta":{"footnotes":""},"class_list":["post-432","page","type-page","status-publish","hentry"],"_links":{"self":[{"href":"https:\/\/cat700.com\/es\/wp-json\/wp\/v2\/pages\/432"}],"collection":[{"href":"https:\/\/cat700.com\/es\/wp-json\/wp\/v2\/pages"}],"about":[{"href":"https:\/\/cat700.com\/es\/wp-json\/wp\/v2\/types\/page"}],"author":[{"embeddable":true,"href":"https:\/\/cat700.com\/es\/wp-json\/wp\/v2\/users\/1"}],"replies":[{"embeddable":true,"href":"https:\/\/cat700.com\/es\/wp-json\/wp\/v2\/comments?post=432"}],"version-history":[{"count":31,"href":"https:\/\/cat700.com\/es\/wp-json\/wp\/v2\/pages\/432\/revisions"}],"predecessor-version":[{"id":664,"href":"https:\/\/cat700.com\/es\/wp-json\/wp\/v2\/pages\/432\/revisions\/664"}],"wp:attachment":[{"href":"https:\/\/cat700.com\/es\/wp-json\/wp\/v2\/media?parent=432"}],"curies":[{"name":"wp","href":"https:\/\/api.w.org\/{rel}","templated":true}]}}