{"id":466,"date":"2024-10-01T12:22:24","date_gmt":"2024-10-01T10:22:24","guid":{"rendered":"http:\/\/localhost\/etcliment\/?page_id=466"},"modified":"2026-04-07T18:40:10","modified_gmt":"2026-04-07T16:40:10","slug":"reglament","status":"publish","type":"page","link":"https:\/\/cat700.com\/es\/reglament\/","title":{"rendered":"Reglament"},"content":{"rendered":"<h2><strong>REGLAMENTO<\/strong><\/h2>\n<p>&nbsp;<\/p>\n<p><strong>ART 1. ORGANIZACI\u00d3N<\/strong><\/p>\n<p>1.1 La ASSOCIACI\u00d3 ESPORTIVA CAT700 CATALUNYA es el organizador de la CAT700 y la GRAN VERTICAL.<\/p>\n<p>1.2 La CAT700 y la GRAN VERTICAL son eventos ciclistas de larga distancia no competitivos, que se desarrollan con car\u00e1cter de autosuficiencia y non-stop, y se rigen por el presente reglamento.<\/p>\n<p><strong>ART 2. RECORRIDO<\/strong><\/p>\n<p>2.1 La CAT700 tiene un recorrido de entre 400 y 900 kil\u00f3metros, y la GRAN VERTICAL tiene un recorrido de entre 300 y 400 kil\u00f3metros.<\/p>\n<p>2.2 Cada participante debe ser plenamente consciente de la longitud, dificultad y exigencia f\u00edsica de los recorridos.<\/p>\n<p>2.3 El trazado se realiza en autosuficiencia y non-stop. No est\u00e1 permitida la asistencia externa, lo que significa que cada participante debe gestionar su comida y bebida, as\u00ed como las horas de sue\u00f1o durante los d\u00edas de la prueba.<\/p>\n<p>2.4 Los participantes de la CAT700 tienen 110 horas, mientras que los de la GRAN VERTICAL tienen 60 horas para completar el recorrido.<\/p>\n<p>2.5 El recorrido no estar\u00e1 marcado sobre el terreno sino que los participantes tendr\u00e1n que seguir el track, que se har\u00e1 llegar a todos los inscritos d\u00edas antes de la salida. Es responsabilidad de cada participante cargar el track de la prueba en su GPS y seguir obligatoriamente el trazado que indica. No hacer esto es motivo de descalificaci\u00f3n.<\/p>\n<p>2.6 Los tramos del recorrido que discurran por carreteras secundarias o calles de poblaciones, no estar\u00e1n cortados al tr\u00e1fico rodado, debiendo seguir los participantes las normas generales de tr\u00e1fico o las indicaciones de la organizaci\u00f3n.<\/p>\n<p>2.7 La organizaci\u00f3n podr\u00e1 realizar las modificaciones que considere necesarias del recorrido, incluso la suspensi\u00f3n del evento, si las condiciones climatol\u00f3gicas as\u00ed lo aconsejan, o por otras causas de fuerza mayor ajenas a su voluntad. En este caso y una vez efectuada la salida, los derechos de inscripci\u00f3n no ser\u00e1n devueltos.<\/p>\n<p>2.8 Si es necesario realizar cambios en el recorrido, la decisi\u00f3n se anunciar\u00e1 durante la semana anterior a trav\u00e9s de redes sociales y la web oficial del evento.<\/p>\n<p>2.9 Si es necesario suspender el evento antes de la fecha prevista y con una antelaci\u00f3n de m\u00e1s de siete d\u00edas respecto a la fecha de salida, se realizar\u00e1 una devoluci\u00f3n parcial del importe de la inscripci\u00f3n. El porcentaje de este importe variar\u00e1 en funci\u00f3n de la fecha de la suspensi\u00f3n y por tanto de los gastos ya realizados. En caso de que esta anulaci\u00f3n ocurra durante los siete d\u00edas anteriores a la salida y por causas ajenas a la organizaci\u00f3n no se prever\u00e1 ning\u00fan reembolso.<\/p>\n<p>2.10. Habr\u00e1 tiempo de corte horario obligatorio en algunos puntos del recorrido, con opciones de recorte del recorrido.<\/p>\n<p><strong>ART 3. AUTOSUFICIENCIA Y NON-STOP<\/strong><\/p>\n<p>3.1 Dado el car\u00e1cter de autosuficiencia de la prueba, cada participante debe prever la cantidad de comida y bebida que considere necesaria para poder completar el recorrido d\u00eda a d\u00eda.<\/p>\n<p>3.2 La organizaci\u00f3n no establecer\u00e1 puntos de avituallamiento.<\/p>\n<p>3.3 No estar\u00e1 permitido recibir asistencia por parte de un equipo de seguimiento externo. Ser\u00e1 descalificado el participante que reciba este tipo de ayuda externa (excepto en caso de accidente o emergencia).<\/p>\n<p>3.4 Est\u00e1 permitido comprar comida, bebida y repuestos, as\u00ed como consumir en los restaurantes y bares, y alojarse en los hoteles o fondas.<\/p>\n<p><strong>ART 4. MATERIAL<\/strong><\/p>\n<p>El material obligatorio podr\u00e1 variar a criterio de la organizaci\u00f3n y seg\u00fan previsiones meteorol\u00f3gicas. Cualquier cambio se comunicar\u00e1 a los participantes con antelaci\u00f3n.<\/p>\n<p>El material obligatorio se comprobar\u00e1 en la salida, y aleatoriamente en cualquier punto del recorrido.<\/p>\n<p>4.1 Tipo de bicicleta<\/p>\n<p>Cada participante elige la bicicleta que desea utilizar, es necesario tener en cuenta las recomendaciones para cada una de las modalidades.<\/p>\n<p>El recorrido deber\u00e1 realizarse con la misma bicicleta desde la salida hasta meta.<\/p>\n<p>4.2 Material obligatorio<\/p>\n<ul>\n<li>Casco<\/li>\n<li>Manta t\u00e9rmica de superficie m\u00ednima 1 x 2 m<\/li>\n<li>Camiseta t\u00e9rmica<\/li>\n<li>Chaqueta impermeable<\/li>\n<li>Saco de dormir o saco de supervivencia.<\/li>\n<\/ul>\n<p>*ATENCI\u00d3N: este saco NO sustituye la manta t\u00e9rmica<\/p>\n<ul>\n<li>Silbato<\/li>\n<li>Dep\u00f3sito de agua (bidones o bolsa de agua)<\/li>\n<li>Reserva alimentaria (barritas, geles\u2026)<\/li>\n<li>DNI o pasaporte<\/li>\n<li>GPS con el track de la prueba, cargador GPS o bater\u00edas de repuesto<\/li>\n<li>Tel\u00e9fono m\u00f3vil con la bater\u00eda totalmente cargada y encendido durante toda la prueba, y cargador.<\/li>\n<li>Dispositivo de seguimiento GPS (cedido por la organizaci\u00f3n)<\/li>\n<\/ul>\n<p>Iluminaci\u00f3n y visibilidad<\/p>\n<ul>\n<li>Foco frontal con bater\u00eda de repuesto o cargador.<\/li>\n<li>L\u00e1mpara frontal de reserva (puede ser un frontal ligero)<\/li>\n<li>L\u00e1mpara trasera roja intermitente. Ser\u00e1 obligatorio llevarlo encendido de noche.<\/li>\n<li>Chaleco o cinta corporal reflectante. Ser\u00e1 obligatorio utilizarla durante la noche en los tramos de carretera.<\/li>\n<\/ul>\n<p>Equipo de repuestos<\/p>\n<ul>\n<li>2 c\u00e1maras<\/li>\n<li>Parches<\/li>\n<li>Desmontables<\/li>\n<li>Multiherramienta<\/li>\n<li>Desmonta cadenas<\/li>\n<li>Pasador de cadena<\/li>\n<\/ul>\n<p>Botiqu\u00edn de emergencia<\/p>\n<ul>\n<li>2 monodosis de suero fisiol\u00f3gico<\/li>\n<li>2 compresas est\u00e9riles<\/li>\n<li>2 ap\u00f3sitos est\u00e9riles para heridas y rasgu\u00f1os<\/li>\n<li>Analg\u00e9sicos<\/li>\n<li>Esparadrapo<\/li>\n<li>Venda el\u00e1stica<\/li>\n<li>Puntos de sutura r\u00e1pida<\/li>\n<\/ul>\n<p>4.2 Material recomendado<\/p>\n<ul>\n<li>Crema solar<\/li>\n<li>Cargadores solares o dinamo<\/li>\n<li>Bater\u00edas externas (power bank)<\/li>\n<li>Manguitos y perneras<\/li>\n<li>Vaselina<\/li>\n<\/ul>\n<p>4.3 Si es necesario, la organizaci\u00f3n podr\u00e1 modificar el material obligatorio. El cambio ser\u00e1 notificado a los participantes con suficiente antelaci\u00f3n.<\/p>\n<p>4.4 No estar\u00e1 permitido recibir o devolver material a ninguna asistencia externa. No podr\u00e1 abandonarse material.<\/p>\n<p>4.5 Ser\u00e1 obligatorio llevar encendida la linterna frontal y la luz roja trasera seg\u00fan lo requiera la luminosidad natural.<\/p>\n<p><strong>ART 5. SEGURIDAD Y ABANDONOS<\/strong><\/p>\n<p>5.1 Habr\u00e1 personal de la organizaci\u00f3n que velar\u00e1 por la seguridad de los participantes. Es obligatorio seguir las indicaciones de este personal.<\/p>\n<p>5.2 En caso de abandono es necesario comunicarlo obligatoriamente lo antes posible al personal de la organizaci\u00f3n a trav\u00e9s del n\u00famero de tel\u00e9fono facilitado por la organizaci\u00f3n.<\/p>\n<p>5.3 Salvo en caso de accidente, la organizaci\u00f3n no se har\u00e1 cargo de trasladar a los participantes que abandonen.<\/p>\n<p>5.4 Una vez comunicada la retirada, el participante deber\u00e1 devolver el dispositivo de seguimiento cedido por la organizaci\u00f3n. A partir de ese momento quedar\u00e1 fuera del evento y asumir\u00e1 cualquier responsabilidad derivada de su retirada.<\/p>\n<p>5.5 En caso de necesidad de evacuaci\u00f3n por accidente se deber\u00e1 avisar a la organizaci\u00f3n para activar el operativo de rescate.<\/p>\n<p>5.6 La organizaci\u00f3n podr\u00e1 retirar o detener temporalmente, bajo su criterio, a los participantes que tengan problemas f\u00edsicos evidentes (v\u00f3mitos, diarreas, desorientaci\u00f3n, desmayos\u2026) que puedan poner en peligro su salud, o aquellos que tengan mermadas sus condiciones f\u00edsicas para seguir.<\/p>\n<p>5.7 Los participantes est\u00e1n obligados a prestar auxilio a los accidentados o aquellos que lo requieran. Quienes incumplan esta obligaci\u00f3n ser\u00e1n descalificados.<\/p>\n<p><strong>ART 6. CONDICIONES DE PARTICIPACI\u00d3N<\/strong><\/p>\n<p>6.1 La CAT700 y la GRAN VERTICAL est\u00e1n abiertos a todos los deportistas con edad m\u00ednima de 18 a\u00f1os cumplidos el d\u00eda que del evento.<\/p>\n<p>6.2 Al inscribirse, todo participante conoce y acepta sin reservas el presente reglamento.<\/p>\n<p>6.3 Los participantes, por el hecho de inscribirse, confirman estar plenamente informados de los eventos y son conscientes de su longitud, dificultad y exigencia f\u00edsica, confirman disponer de los conocimientos, experiencia, material y de los niveles f\u00edsicos y psicol\u00f3gicos necesarios para poder soportar y superar posibles problemas relacionados con las exigencias de un evento non-stop de larga distancia.<\/p>\n<p>6.4 La organizaci\u00f3n se reserva el derecho de excluir a aquellos que su conducta dificulte o interfiera el buen desarrollo de la misma.<\/p>\n<p><strong>ART 7. INSCRIPCIONES Y SEGURO<\/strong><\/p>\n<p>7.1 Las inscripciones y el pago se realizar\u00e1n siguiendo las indicaciones del formulario de inscripci\u00f3n. Las inscripciones son personales e intransferibles. En ning\u00fan caso y bajo ning\u00fan concepto se pueden realizar cambios ni cesiones de la inscripci\u00f3n.<\/p>\n<p>Para participar es obligatorio estar en posesi\u00f3n de un seguro de accidentes con cobertura por este tipo de evento o suscribir el seguro proporcionado por la organizaci\u00f3n, que da cobertura m\u00e9dica a las lesiones f\u00edsicas sufridas por el participante, pero no cubre los da\u00f1os materiales de la bicicleta ni de otros complementos.<\/p>\n<p>7.2 Cancelaciones de la inscripci\u00f3n.<\/p>\n<p>Los inscritos podr\u00e1n anular su inscripci\u00f3n y recibir una devoluci\u00f3n parcial del importe de participaci\u00f3n por cualquier raz\u00f3n que les imposibilite realizarla en la fecha estipulada.<\/p>\n<p>El importe que se devolver\u00e1 al participante que cancele su inscripci\u00f3n ser\u00e1 del 80% del total de la inscripci\u00f3n hasta 2 meses antes de la prueba; y del 50% hasta 20 d\u00edas antes, mayores gastos de gesti\u00f3n de la inscripci\u00f3n (3,5%).<\/p>\n<p>Anulaciones a partir de 20 d\u00edas antes de la prueba: no se realizar\u00e1 ning\u00fan tipo de devoluci\u00f3n.<\/p>\n<p>Una vez hecha la solicitud de baja, la plaza pasa a disposici\u00f3n de la organizaci\u00f3n, que la ceder\u00e1 al candidato que ocupe la primera posici\u00f3n en la lista de espera en ese momento.<\/p>\n<p>En ning\u00fan caso la cancelaci\u00f3n da derecho a que quien se d\u00e9 de baja pueda escoger su sustituto.<\/p>\n<p>7.3 Lista de espera nuevos inscritos.<\/p>\n<p>Todos aquellos que quieran participar y no hayan conseguido plaza podr\u00e1n apuntarse a una lista de espera que les dar\u00e1 opci\u00f3n, por riguroso orden de inscripci\u00f3n, a conseguir una plaza, si alguno de los inscritos se da de baja.<\/p>\n<p>Las condiciones de pago de los inscritos a trav\u00e9s de la lista de espera ser\u00e1n las que existan en el momento de hacerse efectiva la inscripci\u00f3n, no las del momento de apuntarse a la lista de espera.<\/p>\n<p>7.4 Inscritos organizaci\u00f3n.<\/p>\n<p>La organizaci\u00f3n se reserva un n\u00famero de inscripciones, fuera del l\u00edmite de inscritos, de los que dispondr\u00e1 seg\u00fan sus necesidades.<\/p>\n<p><strong>ART 8. ACREDITACIONES<\/strong><\/p>\n<p>Para formalizar la inscripci\u00f3n el d\u00eda de salida los participantes tendr\u00e1n que acreditarse y presentar el DNI, pasaporte o documento equivalente para participantes extranjeros.<\/p>\n<p><strong>ART 9. CONTROL DE SALIDA<\/strong><\/p>\n<p>Previo a la salida se realizar\u00e1 un control.<\/p>\n<p>9.1 En este control se efectuar\u00e1 una verificaci\u00f3n del material obligatorio.<\/p>\n<p>9.2 Los participantes que no lleven el material obligatorio, o que lo presenten inutilizable o defectuoso en el control de salida, no podr\u00e1n tomar la salida.<\/p>\n<p><strong>ART 10. DESCALIFICACIONES<\/strong><\/p>\n<ul>\n<li>No pasar por el control de salida.<\/li>\n<li>No seguir el track.<\/li>\n<li>Cambio o cesi\u00f3n de la inscripci\u00f3n a otra persona.<\/li>\n<li>Acortar o recortar el recorrido.<\/li>\n<li>Recibir ayuda de un equipo de seguimiento externo.<\/li>\n<li>Utilizar alg\u00fan medio de transporte que no sea la propia bicicleta.<\/li>\n<li>No prestar auxilio a otros participantes que soliciten auxilio.<\/li>\n<li>Infracciones contra el medio ambiente.<\/li>\n<li>Desobedecer \u00f3rdenes de la organizaci\u00f3n.<\/li>\n<li>Conducta antideportiva hacia otros participantes o hacia la organizaci\u00f3n.<\/li>\n<li>Superar el l\u00edmite horario.<\/li>\n<li>Negarse a realizar una inspecci\u00f3n de material.<\/li>\n<\/ul>\n<p><strong>ART 11. PENALIZACIONES<\/strong><\/p>\n<ul>\n<li>Tirar voluntariamente residuos, desperdicios o envoltorios en zonas no habilitadas: 2 h<\/li>\n<li>Falta de material obligatorio: 1 h por cada elemento<\/li>\n<li>Abandonar material: 2 h<\/li>\n<\/ul>\n<p><strong>ART 12. DERECHOS DE IMAGEN<\/strong><\/p>\n<p>12.1 La organizaci\u00f3n se reserva el derecho sobre la imagen del evento en exclusividad, as\u00ed como el derecho de la explotaci\u00f3n de las im\u00e1genes, fotograf\u00edas y v\u00eddeo del evento.<\/p>\n<p>12.2 La organizaci\u00f3n podr\u00e1 hacer uso de este material gr\u00e1fico en anuncios, notas de prensa o cualquier otro prop\u00f3sito de promoci\u00f3n del evento, ya sea con motivo de la CAT700, la GRAN VERTICAL, como de otros eventos de la ASSOCIACI\u00d3 ESPORTIVA CAT700 CATALUNYA.<\/p>\n<p>12.3 Cualquier proyecto medi\u00e1tico o publicitario deber\u00e1 tener el consentimiento de la organizaci\u00f3n.<\/p>\n<p><strong>ART 13. PROTECCI\u00d3N DE DATOS<\/strong><\/p>\n<p>De acuerdo con lo que dispone la Ley Org\u00e1nica 15\/1999 de protecci\u00f3n de datos de car\u00e1cter personal, y la Ley 34\/2002 de servicios de la sociedad de la informaci\u00f3n, los datos personales recogidos formar\u00e1n parte de una base de datos incluida en un fichero titularidad de la ASSOCIACI\u00d3 ESPORTIVA CAT700 CATALUNYA. Estos datos ser\u00e1n tratados con las siguientes finalidades:<\/p>\n<ul>\n<li>Gestionar los datos relativos de los inscritos, datos necesarios para la organizaci\u00f3n, realizaci\u00f3n y publicaci\u00f3n de los tiempos y tracks.<\/li>\n<li>Informar sobre nuevas actividades, eventos y servicios que realiza la ASSOCIACI\u00d3 ESPORTIVA CAT700 CATALUNYA.<\/li>\n<li>La ASSOCIACI\u00d3 ESPORTIVA CAT700 CATALUNYA puede compartir los datos de inscripci\u00f3n de sus eventos con las entidades y marcas colaboradoras.<\/li>\n<li>Los participantes pueden ejercitar sus derechos de acceso, rectificaci\u00f3n, cancelaci\u00f3n y oposici\u00f3n mediante un correo electr\u00f3nico a: info@cat700.com<\/li>\n<\/ul>\n<p><strong>ART 14. ACEPTACI\u00d3N Y RESPONSABILIDAD<\/strong><\/p>\n<p>14.1 Las personas inscritas participan en la CAT700 y la GRAN VERTICAL bajo su responsabilidad. Sobre ellas recae la decisi\u00f3n de la salida y realizaci\u00f3n de este evento de autosuficiencia y non-stop. El participante debe tener experiencia ciclista y es el \u00fanico responsable de su comportamiento y de las consecuencias que se deriven, incluso frente a terceros. Por tanto, libera expl\u00edcitamente a los organizadores de la CAT700 y la GRAN VERTICAL, la ASSOCIACI\u00d3 ESPORTIVA CAT700 CATALUNYA, de cualquier accidente y eventualidad que se pueda derivar de su participaci\u00f3n.<\/p>\n<p>14.2 La organizaci\u00f3n declina toda responsabilidad en caso de accidente o negligencia del participante, as\u00ed como de la p\u00e9rdida o rotura de los objetos personales de cada participante. Cada participante ser\u00e1 responsable de todo perjuicio o lesi\u00f3n que pueda causarse a s\u00ed mismo o a terceros, exonerando a la organizaci\u00f3n, la ASSOCIACI\u00d3 ESPORTIVA CAT700 CATALUNYA, de cualquier responsabilidad en caso de accidente o lesi\u00f3n.<\/p>\n<p>14.3 Los participantes, por el hecho de inscribirse, aceptan las condiciones establecidas en el presente reglamento.<\/p>\n<p>14.4 Los participantes tendr\u00e1n que firmar los documentos que se requiera para evidenciar m\u00e1s claramente cualquier apartado del reglamento.<\/p>\n<p>14.5 El presente reglamento puede ser corregido, modificado o mejorado en cualquier momento por parte de la organizaci\u00f3n. El hecho de realizar la inscripci\u00f3n muestra la conformidad del participante con este reglamento.<\/p>\n","protected":false},"excerpt":{"rendered":"<p>REGLAMENTO &nbsp; ART 1. ORGANIZACI\u00d3N 1.1 La ASSOCIACI\u00d3 ESPORTIVA CAT700 CATALUNYA es el organizador de la CAT700 y la GRAN VERTICAL. 1.2 La CAT700 y la GRAN VERTICAL son eventos ciclistas de larga distancia no competitivos, que se desarrollan con car\u00e1cter de autosuficiencia y non-stop, y se rigen por el presente reglamento. ART 2. RECORRIDO [&hellip;]<\/p>\n","protected":false},"author":1,"featured_media":0,"parent":0,"menu_order":0,"comment_status":"closed","ping_status":"closed","template":"","meta":{"footnotes":""},"class_list":["post-466","page","type-page","status-publish","hentry"],"_links":{"self":[{"href":"https:\/\/cat700.com\/es\/wp-json\/wp\/v2\/pages\/466"}],"collection":[{"href":"https:\/\/cat700.com\/es\/wp-json\/wp\/v2\/pages"}],"about":[{"href":"https:\/\/cat700.com\/es\/wp-json\/wp\/v2\/types\/page"}],"author":[{"embeddable":true,"href":"https:\/\/cat700.com\/es\/wp-json\/wp\/v2\/users\/1"}],"replies":[{"embeddable":true,"href":"https:\/\/cat700.com\/es\/wp-json\/wp\/v2\/comments?post=466"}],"version-history":[{"count":12,"href":"https:\/\/cat700.com\/es\/wp-json\/wp\/v2\/pages\/466\/revisions"}],"predecessor-version":[{"id":678,"href":"https:\/\/cat700.com\/es\/wp-json\/wp\/v2\/pages\/466\/revisions\/678"}],"wp:attachment":[{"href":"https:\/\/cat700.com\/es\/wp-json\/wp\/v2\/media?parent=466"}],"curies":[{"name":"wp","href":"https:\/\/api.w.org\/{rel}","templated":true}]}}