{"id":432,"date":"2024-09-27T18:32:16","date_gmt":"2024-09-27T16:32:16","guid":{"rendered":"http:\/\/localhost\/etcliment\/?page_id=432"},"modified":"2024-10-16T21:42:07","modified_gmt":"2024-10-16T19:42:07","slug":"qui-som","status":"publish","type":"page","link":"https:\/\/cat700.com\/fr\/qui-som\/","title":{"rendered":"Qui som?"},"content":{"rendered":"<p><img loading=\"lazy\" decoding=\"async\" class=\"alignnone wp-image-435 size-full\" src=\"https:\/\/cat700.com\/fr\/wp-content\/uploads\/sites\/3\/2024\/09\/plantilla_fotos_portada_qui-som.jpg\" alt=\"\" width=\"1900\" height=\"1100\" srcset=\"https:\/\/cat700.com\/fr\/wp-content\/uploads\/sites\/3\/2024\/09\/plantilla_fotos_portada_qui-som.jpg 1900w, https:\/\/cat700.com\/fr\/wp-content\/uploads\/sites\/3\/2024\/09\/plantilla_fotos_portada_qui-som-300x174.jpg 300w, https:\/\/cat700.com\/fr\/wp-content\/uploads\/sites\/3\/2024\/09\/plantilla_fotos_portada_qui-som-1024x593.jpg 1024w, https:\/\/cat700.com\/fr\/wp-content\/uploads\/sites\/3\/2024\/09\/plantilla_fotos_portada_qui-som-768x445.jpg 768w, https:\/\/cat700.com\/fr\/wp-content\/uploads\/sites\/3\/2024\/09\/plantilla_fotos_portada_qui-som-1536x889.jpg 1536w\" sizes=\"(max-width: 1900px) 100vw, 1900px\" \/><\/p>\r\n<h3 id=\"\u201dCAT700\u2033\" class=\"has-text-align-center \u201dwp-block-heading\u201d\"><b>L&#8217;Association Sportive CAT700<\/b><\/h3>\r\n<!-- \/wp:heading -->\r\n\r\n<!-- wp:paragraph {\"textColor\":\"very-dark-gray\"} -->\r\n<p class=\"has-text-color has-very-dark-gray-color\">Qui se cache derri\u00e8re le CAT700 et le Gran Vertical, pourriez-vous vous demander. Nous sommes l&#8217;Association Sportive CAT700, sp\u00e9cialis\u00e9e dans l&#8217;organisation d&#8217;\u00e9v\u00e9nements cyclistes qui ont pour but de promouvoir le voyage et l&#8217;aventure \u00e0 v\u00e9lo comme dynamisateur des \u00e9conomies locales. Une activit\u00e9 bas\u00e9e sur le respect et la d\u00e9couverte du territoire. Nous croyons \u00e0 un cyclisme de l&#8217;empathie qui transforme l&#8217;exp\u00e9rience du p\u00e9dalage en une exp\u00e9rience humaine intense et un \u00e9change avec les gens des lieux.<br \/>Le noyau de l&#8217;association est repr\u00e9sent\u00e9 par trois figures qui, de par notre parcours et notre exp\u00e9rience, nous formons une solution unique pour la conception et l&#8217;organisation de nos \u00e9v\u00e8nements.<br \/>Toute l&#8217;\u00e9quipe, ensemble ou s\u00e9par\u00e9ment, vous nous retrouverez dans les coins les plus inattendus de la g\u00e9ographie, prenant garde de vous, vous assistant avec nos encouragements et une bonne dose d&#8217;humour.<\/p>\r\n<!-- \/wp:paragraph -->\r\n\r\n<!-- wp:image {\"id\":266,\"className\":\"size-full\"} -->\r\n<figure class=\"wp-block-image size-full\"><\/figure>\r\n<!-- \/wp:image -->\r\n\r\n<!-- wp:heading {\"align\":\"center\"} -->\r\n<h5 style=\"text-align: center;\"><strong>Lers trois piliers<\/strong><\/h5>\r\n<p class=\"has-text-color has-very-dark-gray-color\"><b>M\u00f2nica Aguilera<\/b><\/p>\r\n<p class=\"has-text-color has-very-dark-gray-color\">\u00c0 pied, \u00e0 v\u00e9lo ou en aviron, j&#8217;ai toujours eu une pr\u00e9dilection particuli\u00e8re pour accumuler des kilom\u00e8tres, les pr\u00e9texte parfait pour d\u00e9couvrir le monde et vivre de nouvelles exp\u00e9riences.<\/p>\r\n<p class=\"has-text-color has-very-dark-gray-color\">Tr\u00e8s jeune, j&#8217;ai commenc\u00e9 \u00e0 faire du VTT et plus tard des courses d&#8217;orientation, m&#8217;ouvrant ainsi les portes de ce qui fut ma premi\u00e8re grande passion sportive, les raids d&#8217;aventure, une discipline dans laquelle j&#8217;ai grandi en tant qu&#8217;athl\u00e8te et en tant que personne, avec toutes les valeurs \u200bpropres du sport d\u2019\u00e9lite, la longue distance, l\u2019\u00e9quipe et l\u2019autosuffisance. Avec l&#8217;\u00e9quipe Salomon Extrem, nous avons remport\u00e9 les World Raids en 2000 et 2001. Plus tard, d&#8217;autres victoires et podiums viendront dans des raids d&#8217;exp\u00e9dition de prestige international, des comp\u00e9titions pouvant aller jusqu&#8217;\u00e0 10 jours non-stop. Je suis mont\u00e9e sur la plus haute marche du podium \u00e0 l&#8217;Ecomotion (Br\u00e9sil), au Desaf\u00edo de los Volcanes (Argentine et Chili), \u00e0 la Traves\u00eda Max et au 7 Cerros Medell\u00edn (Colombie) ou Camdex (Mexique). J&#8217;ai \u00e9galement particip\u00e9 \u00e0 plusieurs \u00e9ditions du Raid Gauloises (Equateur, N\u00e9pal et Kirghizistan) et de l&#8217;ARWC (Costa Rica, La R\u00e9union et Afrique du Sud).<\/p>\r\n<p class=\"has-text-color has-very-dark-gray-color\">\u00c0 titre individuel, j&#8217;ai commenc\u00e9 en 2007 mon parcours dans les courses en montagne et d&#8217;ultra-trail. En 2010, j&#8217;ai remport\u00e9 le prestigieux Marathon des Sables, devenant ainsi la premier athl\u00e8te espagnole \u00e0 remporter cet honneur. J&#8217;ai \u00e9galement \u00e9t\u00e9 sur le podium de l&#8217;un des ultras les plus importants, l&#8217;UTMB Ultra Trail du Mont Blanc, finissant en deuxi\u00e8me place en 2007 et troisi\u00e8me en 2009. J&#8217;ai \u00e9galement remport\u00e9 la Transgrancanaria, la Transvulcania et le Trail Aneto et de prestigieux marathons comme l&#8217;Alpino Madrile\u00f1o, le Marat\u00f3 de Sant Lloren\u00e7 Savall, le Marathon Alpina Jarapalos ou le Marathon Espad\u00e1n.<\/p>\r\n<p class=\"has-text-color has-very-dark-gray-color\">Ces derni\u00e8res ann\u00e9es, j&#8217;ai concentr\u00e9 ma vie sportive sur la course d&#8217;orientation en VTT, gagnant 12 appels avec l&#8217;\u00e9quipe nationale espagnole.<\/p>\r\n<p class=\"has-text-color has-very-dark-gray-color\">J&#8217;ai fait de ma passion mon m\u00e9tier. Dipl\u00f4m\u00e9e en Education Physique et Sciences du Sport, j&#8217;organise depuis plus de 15 ans diff\u00e9rents types d&#8217;\u00e9v\u00e9nements sportifs en ext\u00e9rieur. J&#8217;aime toujours proposer des produits o\u00f9 les participants appr\u00e9cient l&#8217;exp\u00e9rience, en leur proposant des d\u00e9fis et des activit\u00e9s qui les marquent et les enrichissent.<b><\/b><\/p>\r\n<!-- \/wp:heading -->\r\n\r\n<!-- wp:paragraph {\"textColor\":\"very-dark-gray\"}  -->\r\n<p>&nbsp;<\/p>\r\n<p class=\"has-text-color has-very-dark-gray-color\"><b>Carles Lor\u00e9<\/b><\/p>\r\n<p><span style=\"color: #333333;\">Je pourrais dire que je suis curieux, amoureux de voyages, d\u00e9sireux de conna\u00eetre l&#8217;inconnu et toujours pr\u00eat \u00e0 relever de nouveaux d\u00e9fis.<\/span><\/p>\r\n<p><span style=\"color: #333333;\">Mes origines sportives \u00e9taient dans le monde de l&#8217;escalade et de la haute montagne. A 14 ans, j&#8217;\u00e9prouvais d\u00e9j\u00e0 une joie particuli\u00e8re \u00e0 d\u00e9couvrir de nouveaux coins et sommets, une joie que j&#8217;ai encore aujourd&#8217;hui.<\/span><\/p>\r\n<p><span style=\"color: #333333;\">Cette passion pour l&#8217;escalade m&#8217;a amen\u00e9 dans les ann\u00e9es 80 \u00e0 faire bon nombre d&#8217;ascensions sur grands murs, aussi bien en Catalogne, dans les Pyr\u00e9n\u00e9es, que dans les Alpes lorsque nous avions l&#8217;occasion de voyager.<\/span><\/p>\r\n<p><span style=\"color: #333333;\">A l&#8217;\u00e2ge de 25 ans, j&#8217;ai obtenu mon dipl\u00f4me et j&#8217;ai travaill\u00e9 pendant quelques ann\u00e9es comme moniteur d&#8217;escalade ECAM et EEAM, r\u00e9alisant diverses \u00e9tudes et stages sur le mat\u00e9riel et la s\u00e9curit\u00e9.<\/span><\/p>\r\n<p><span style=\"color: #333333;\">D\u00e9j\u00e0 dans les ann\u00e9es 90, je connais les courses d&#8217;orientation et je me consacre corps et \u00e2me \u00e0 concourir dans toute l&#8217;Europe et dans ses diff\u00e9rentes modalit\u00e9s : course \u00e0 pied, VTT, raids aventure&#8230; Je suis un technicien qualifi\u00e9 en courses d&#8217;orientation. guid\u00e9 et travaill\u00e9 comme entra\u00eeneur dans ce sport, et r\u00e9cemment comme entra\u00eeneur.<\/span><\/p>\r\n<p><span style=\"color: #333333;\">En tant que promoteur et directeur sportif, j&#8217;ai \u00e9t\u00e9 membre du conseil d&#8217;administration de la F\u00e9d\u00e9ration catalane de course d&#8217;orientation pendant 19 ans, 15 ans comme vice-pr\u00e9sident et 4 ans comme pr\u00e9sident.<\/span><\/p>\r\n<p><span style=\"color: #333333;\">En 1992, j&#8217;ai fait mon premier voyage \u00e0 v\u00e9lo et la destination choisie \u00e9tait le Ring Road : un itin\u00e9raire circulaire de 1300 km en Islande. Dans ces ann\u00e9es-l\u00e0, l&#8217;itin\u00e9raire n&#8217;\u00e9tait pas aussi connu qu&#8217;aujourd&#8217;hui, et un article sur le voyage a ensuite \u00e9t\u00e9 publi\u00e9 dans la revue &#8220;Extrem&#8221;, ce qui a s\u00fbrement encourag\u00e9 d&#8217;autres voyageurs \u00e0 l&#8217;essayer.<\/span><\/p>\r\n<p><span style=\"color: #333333;\">Passionn\u00e9 de photographie depuis l&#8217;enfance, l&#8217;appareil photo m&#8217;accompagne toujours dans mes voyages et sorties en montagne. J&#8217;aime les images de loin, alors derri\u00e8re mon Fuji on ne sait jamais o\u00f9 on me trouvera. Si vous envisagez de participer au CAT700, restez \u00e0 l&#8217;\u00e9coute !<\/span><\/p>\r\n<!-- \/wp:heading -->\r\n\r\n<!-- wp:paragraph {\"textColor\":\"very-dark-gray\"}  -->\r\n<p>&nbsp;<\/p>\r\n<p class=\"has-text-color has-very-dark-gray-color\"><b>Eliseu T. Climent<\/b><\/p>\r\n<p class=\"has-text-color has-very-dark-gray-color\">\u00c0 l&#8217;\u00e2ge de 14 ans, j&#8217;ai achet\u00e9 mes premi\u00e8res sacoches, avec lesquelles j&#8217;ai satisfait mon envie d&#8217;explorer. C&#8217;\u00e9taient des micro-voyages d&#8217;adolescent pr\u00e8s de chez moi, \u00e0 v\u00e9lo, pour passer la nuit \u00e0 la belle \u00e9toile. Tout cela est arriv\u00e9 en 1982.<\/p>\r\n<p class=\"has-text-color has-very-dark-gray-color\">Plus tard, la fi\u00e8vre du voyage \u00e0 p\u00e9dales m&#8217;a amen\u00e9 \u00e0 parcourir des miliers de kilom\u00e8tres. J&#8217;ai travers\u00e9 \u00e0 cinq reprises les Pyr\u00e9n\u00e9es sur des itin\u00e9raires diff\u00e9rents (terre et route) et \u00e0 des vitesses diff\u00e9rentes, depuis un voyage tranquille jusqu&#8217;\u00e0 un \u00e9chapp\u00e9e express en cinq jours. J&#8217;ai \u00e9galement parcouru maintes fois les Alpes et leurs cols et pistes en montagne, les Dolomites et de nombreux coins de l&#8217;Europe. Et la travers\u00e9e de l&#8217;Atlas marocain et le B\u00e9nin, en Afrique subsaharienne. Cuba, l&#8217;Islande ou la Finlande, celle-ci en version hivernale avec des temp\u00e9ratures qui d\u00e9passaient (en dessous) les 20 degr\u00e9s sous z\u00e9ro, sont quelques-unes des destinations qui m&#8217;ont le plus marqu\u00e9. En VTT, route ou tandem, mon attirance pour la p\u00e9dale ne diminue pas avec les ann\u00e9es. C&#8217;est une authentique pathologie!<\/p>\r\n<p class=\"has-text-color has-very-dark-gray-color\">Tout au long de ma vie, j&#8217;ai uni la passion du territoire, l&#8217;envie de d\u00e9couverte aux sports de pleine nature (course \u00e0 pied, ski de randonn\u00e9e, t\u00e9l\u00e9mark, v\u00e9lo et cyclotourisme, escalade&#8230;) avec ma formation de licenc\u00e9 en Lettres Modernes et mon m\u00e9tier de journaliste depuis 1993, lequel m&#8217;a amen\u00e9 \u00e0 \u00e9crire dans des magazines comme <em>Desnivel<\/em>, <em>Grandes Espacios<\/em>, <em>Alta\u00efr<\/em>, <em>V\u00e8rtex<\/em>, <em>Trail<\/em> ou <em>Volata<\/em>, et \u00e0 publier des guides d&#8217;itin\u00e9raires, comme le <em>Mapa-guia de la Cavalls del Vent<\/em> (\u00e9d. Alpina), le guide de trail running des alentours de Barcelone <em>Collserola. 20 itineraris per a descobrir-la<\/em> (\u00e9d. Alpina) ou l&#8217;itin\u00e9raire sous forme de carte et trace GPS <em>Grand Gravel Maestrat i Ports de Morella<\/em>, dans la r\u00e9gion de Castell\u00f3\u00a0(\u00e9d. Mont Editorial).<\/p>\r\n<p class=\"has-text-color has-very-dark-gray-color\">Apr\u00e8s avoir suivi un cours de cadreur en Italie, en 2013 j&#8217;ai lanc\u00e9 ma propre marque de cadres sur mesure, Gravel Cycles, sp\u00e9cialis\u00e9e dans des v\u00e9los de gravel et de voyage que je con\u00e7ois moi-m\u00eame, depuis une d\u00e9cennie, pour r\u00e9aliser les r\u00eaves et d\u00e9sirs de chaque client.<\/p>\r\n<p class=\"has-text-color has-very-dark-gray-color\">Apr\u00e8s avoir cr\u00e9\u00e9, avec Jordi Laparra, pour la prestigieuse course cycliste Transpyr sa version sur route (Transpyr Road), il m&#8217;est apparu clair qu&#8217;il \u00e9tait n\u00e9cessaire d&#8217;organiser des \u00e9v\u00e9nements hors du chronom\u00e8tre, mais avec le but d&#8217;encourager le voyage, la sensibilit\u00e9 pour le territoire et ses paysages, ainsi que invit\u00e9 a une plong\u00e9e dans l&#8217;exp\u00e9rience humaine d&#8217;affronter un d\u00e9fi majeur. C&#8217;est ainsi qu&#8217;est n\u00e9e la CAT700 et plus tard la Gran Vertical, qui n&#8217;auraient pas vu le jour sans l&#8217;implication de toute l&#8217;\u00e9quipe et l&#8217;irr\u00e9sistible envie de partager avec vous les lieux que nous connaissons.<\/p>","protected":false},"excerpt":{"rendered":"<p>L&#8217;Association Sportive CAT700 Qui se cache derri\u00e8re le CAT700 et le Gran Vertical, pourriez-vous vous demander. Nous sommes l&#8217;Association Sportive CAT700, sp\u00e9cialis\u00e9e dans l&#8217;organisation d&#8217;\u00e9v\u00e9nements cyclistes qui ont pour but de promouvoir le voyage et l&#8217;aventure \u00e0 v\u00e9lo comme dynamisateur des \u00e9conomies locales. Une activit\u00e9 bas\u00e9e sur le respect et la d\u00e9couverte du territoire. Nous [&hellip;]<\/p>\n","protected":false},"author":1,"featured_media":0,"parent":0,"menu_order":0,"comment_status":"closed","ping_status":"closed","template":"template-fullwidth.php","meta":{"footnotes":""},"class_list":["post-432","page","type-page","status-publish","hentry"],"_links":{"self":[{"href":"https:\/\/cat700.com\/fr\/wp-json\/wp\/v2\/pages\/432"}],"collection":[{"href":"https:\/\/cat700.com\/fr\/wp-json\/wp\/v2\/pages"}],"about":[{"href":"https:\/\/cat700.com\/fr\/wp-json\/wp\/v2\/types\/page"}],"author":[{"embeddable":true,"href":"https:\/\/cat700.com\/fr\/wp-json\/wp\/v2\/users\/1"}],"replies":[{"embeddable":true,"href":"https:\/\/cat700.com\/fr\/wp-json\/wp\/v2\/comments?post=432"}],"version-history":[{"count":23,"href":"https:\/\/cat700.com\/fr\/wp-json\/wp\/v2\/pages\/432\/revisions"}],"predecessor-version":[{"id":587,"href":"https:\/\/cat700.com\/fr\/wp-json\/wp\/v2\/pages\/432\/revisions\/587"}],"wp:attachment":[{"href":"https:\/\/cat700.com\/fr\/wp-json\/wp\/v2\/media?parent=432"}],"curies":[{"name":"wp","href":"https:\/\/api.w.org\/{rel}","templated":true}]}}