{"id":466,"date":"2024-10-01T12:22:24","date_gmt":"2024-10-01T10:22:24","guid":{"rendered":"http:\/\/localhost\/etcliment\/?page_id=466"},"modified":"2026-04-07T18:41:53","modified_gmt":"2026-04-07T16:41:53","slug":"reglament","status":"publish","type":"page","link":"https:\/\/cat700.com\/fr\/reglament\/","title":{"rendered":"Reglament"},"content":{"rendered":"<h2><strong>R\u00c8GLEMENT<\/strong><\/h2>\n<p>&nbsp;<\/p>\n<p><strong>ART 1. ORGANISATION<\/strong><\/p>\n<p>1.1 L&#8217;ASSOCIACI\u00d3 ESPORTIVA CAT700 CATALUNYA est l&#8217;organisateur du CAT700 et du GRAN VERTICAL.<\/p>\n<p>1.2 Les CAT700 et GRAN VERTICAL sont des \u00e9preuves cyclistes de longue distance non comp\u00e9titives, d\u00e9velopp\u00e9es en autonomie et sans escale, et r\u00e9gies par le pr\u00e9sent r\u00e8glement.<\/p>\n<p><strong>ART 2. PARCOURS<\/strong><\/p>\n<p>2.1 Le CAT700 a une distance comprise entre 400 et 900 kilom\u00e8tres et le GRAN VERTICAL a une distance comprise entre 300 et 400 kilom\u00e8tres.<\/p>\n<p>2.2 Chaque participant doit \u00eatre pleinement conscient de la longueur, de la difficult\u00e9 et de l&#8217;exigence physique des parcours.<\/p>\n<p>2.3 L&#8217;am\u00e9nagement est r\u00e9alis\u00e9 en autarcie et en continu. Aucune aide ext\u00e9rieure n&#8217;est autoris\u00e9e, ce qui signifie que chaque participant doit g\u00e9rer sa nourriture et ses boissons, ainsi que ses heures de sommeil pendant les jours de l&#8217;\u00e9preuve.<\/p>\n<p>2.4 Les participants au CAT700 disposent de 110 heures, tandis que ceux du GRAN VERTICAL disposent de 60 heures pour r\u00e9aliser le parcours.<\/p>\n<p>2.5 Le parcours ne sera pas balis\u00e9 au sol mais les participants devront suivre le trac\u00e9, qui sera envoy\u00e9 \u00e0 tous les participants inscrits quelques jours avant le d\u00e9part. Il appartient \u00e0 chaque participant de charger la piste d&#8217;essai dans son GPS et de suivre imp\u00e9rativement l&#8217;itin\u00e9raire indiqu\u00e9. Ne pas le faire constitue un motif de disqualification.<\/p>\n<p>2.6 Les tron\u00e7ons du parcours qui longent des routes secondaires ou des rues municipales ne seront pas ferm\u00e9s \u00e0 la circulation routi\u00e8re et les participants devront respecter le code g\u00e9n\u00e9ral de la route ou les instructions de l&#8217;organisation.<\/p>\n<p>2.7 L&#8217;organisation peut apporter toutes modifications qu&#8217;elle juge n\u00e9cessaires au parcours, y compris la suspension de l&#8217;\u00e9v\u00e9nement, si les conditions m\u00e9t\u00e9orologiques le conseillent, ou en raison d&#8217;autres causes de force majeure ind\u00e9pendantes de sa volont\u00e9. Dans ce cas et une fois le d\u00e9part effectu\u00e9, les frais d&#8217;inscription ne seront pas restitu\u00e9s.<\/p>\n<p>2.8 S&#8217;il est n\u00e9cessaire d&#8217;apporter des modifications au parcours, la d\u00e9cision sera annonc\u00e9e au cours de la semaine pr\u00e9c\u00e9dente via les r\u00e9seaux sociaux et le site officiel de l&#8217;\u00e9v\u00e9nement.<\/p>\n<p>2.9 S&#8217;il est n\u00e9cessaire d&#8217;annuler l&#8217;\u00e9v\u00e9nement avant la date pr\u00e9vue et plus de sept jours avant la date de d\u00e9part, un remboursement partiel des frais d&#8217;inscription sera effectu\u00e9. Le pourcentage de ce montant variera en fonction de la date de la suspension et donc des d\u00e9penses d\u00e9j\u00e0 engag\u00e9es. Dans le cas o\u00f9 cette annulation intervient dans les sept jours pr\u00e9c\u00e9dant le d\u00e9part et pour des raisons ind\u00e9pendantes de la volont\u00e9 de l&#8217;organisation, aucun remboursement ne sera effectu\u00e9.<\/p>\n<p>2.10. Il y aura une heure limite obligatoire \u00e0 certains points du parcours, avec des options pour raccourcir le parcours.<\/p>\n<p><strong>ART 3. AUTOSUFFISANCE ET NON-STOP<\/strong><\/p>\n<p>3.1 Compte tenu du caract\u00e8re d&#8217;autosuffisance de l&#8217;\u00e9preuve, chaque participant doit fournir la quantit\u00e9 de nourriture et de boissons qu&#8217;il juge n\u00e9cessaire pour pouvoir effectuer le parcours jour apr\u00e8s jour.<\/p>\n<p>3.2 L&#8217;organisation n&#8217;\u00e9tablira pas de points de ravitaillement.<\/p>\n<p>3.3 Recevoir l\u2019assistance d\u2019une \u00e9quipe de surveillance externe ne sera pas autoris\u00e9. Le participant qui b\u00e9n\u00e9ficie de ce type d&#8217;aide ext\u00e9rieure sera disqualifi\u00e9 (sauf en cas d&#8217;accident ou d&#8217;urgence).<\/p>\n<p>3.4 Il est permis d&#8217;acheter de la nourriture, des boissons et des pi\u00e8ces de rechange, ainsi que de consommer dans les restaurants et bars, et de s\u00e9journer dans des h\u00f4tels ou des auberges.<\/p>\n<p><strong>ART 4. MAT\u00c9RIEL<\/strong><\/p>\n<p>Le mat\u00e9riel obligatoire peut varier \u00e0 la discr\u00e9tion de l&#8217;organisation et en fonction des pr\u00e9visions m\u00e9t\u00e9orologiques. Tout changement sera communiqu\u00e9 aux participants \u00e0 l&#8217;avance.<\/p>\n<p>Le mat\u00e9riel obligatoire sera v\u00e9rifi\u00e9 au d\u00e9part, et al\u00e9atoirement \u00e0 tout moment du parcours.<\/p>\n<p>4.1 Type de v\u00e9lo<\/p>\n<p>Chaque participant choisit le v\u00e9lo qu&#8217;il souhaite utiliser, il faut prendre en compte les recommandations pour chacune des modalit\u00e9s.<\/p>\n<p>Le parcours doit \u00eatre effectu\u00e9 avec le m\u00eame v\u00e9lo du d\u00e9part \u00e0 la ligne d&#8217;arriv\u00e9e.<\/p>\n<p>4.2 Mat\u00e9riel obligatoire<\/p>\n<ul>\n<li>Casque<\/li>\n<li>Couverture thermique d&#8217;une surface minimale de 1 x 2 m<\/li>\n<li>T-shirt thermique<\/li>\n<li>Veste imperm\u00e9able<\/li>\n<li>Sac de couchage ou sac de survie.<br \/>\n*ATTENTION : ce sac de couchage NE remplace PAS la couverture thermique<\/li>\n<li>Siffler<\/li>\n<li>R\u00e9servoir d&#8217;eau (f\u00fbts ou sac d&#8217;eau)<\/li>\n<li>R\u00e9serve alimentaire (barres, gels&#8230;)<\/li>\n<li>Une pi\u00e8ce d&#8217;identit\u00e9 ou un passeport<\/li>\n<li>GPS avec piste d&#8217;essai, chargeur GPS ou batteries de rechange<\/li>\n<li>T\u00e9l\u00e9phone portable avec la batterie compl\u00e8tement charg\u00e9e et allum\u00e9e pendant tout le test, ainsi que le chargeur.<\/li>\n<li>Dispositif de suivi GPS (fourni par l&#8217;organisation)<\/li>\n<\/ul>\n<p>\u00c9clairage et visibilit\u00e9<\/p>\n<ul>\n<li>Feu avant avec batterie ou chargeur de rechange.<\/li>\n<li>Lampe frontale de secours (peut \u00eatre une lampe frontale l\u00e9g\u00e8re)<\/li>\n<li>Feu arri\u00e8re rouge clignotant. Il sera obligatoire de le garder la nuit.<\/li>\n<li>Gilet r\u00e9fl\u00e9chissant ou ruban adh\u00e9sif. Son utilisation sera obligatoire la nuit sur les tron\u00e7ons routiers.<\/li>\n<\/ul>\n<p>\u00e9quipement de pi\u00e8ces de rechange<\/p>\n<ul>\n<li>2 cam\u00e9ras<\/li>\n<li>Correctifs<\/li>\n<li>D\u00e9tachable<\/li>\n<li>Outil multifonction<\/li>\n<li>Supprime les cha\u00eenes<\/li>\n<li>Goupille de cha\u00eene<\/li>\n<\/ul>\n<p>Trousse de premiers secours d&#8217;urgence<\/p>\n<ul>\n<li>2 doses uniques de s\u00e9rum physiologique<\/li>\n<li>2 tampons st\u00e9riles<\/li>\n<li>2 pansements st\u00e9riles pour plaies et \u00e9raflures<\/li>\n<li>Analg\u00e9siques<\/li>\n<li>Ruban adh\u00e9sif<\/li>\n<li>Bandage \u00e9lastique<\/li>\n<li>Points rapides<\/li>\n<\/ul>\n<p>4.2 Mat\u00e9riel recommand\u00e9<\/p>\n<ul>\n<li>Cr\u00e8me solaire<\/li>\n<li>Chargeurs solaires ou dynamo<\/li>\n<li>Batteries externes (batterie externe)<\/li>\n<li>Manchettes et jambi\u00e8res<\/li>\n<li>Vaseline<\/li>\n<\/ul>\n<p>4.3 Si n\u00e9cessaire, l&#8217;organisation peut modifier le mat\u00e9riel obligatoire. Le changement sera notifi\u00e9 aux participants suffisamment \u00e0 l\u2019avance.<\/p>\n<p>4.4 Il ne sera pas permis de recevoir ou de restituer du mat\u00e9riel \u00e0 une assistance externe. Le mat\u00e9riel ne peut pas \u00eatre abandonn\u00e9.<\/p>\n<p>4.5 Il sera obligatoire d&#8217;allumer le phare et le feu rouge arri\u00e8re selon les besoins de la lumi\u00e8re naturelle.<\/p>\n<p><strong>ART 5. S\u00c9CURIT\u00c9 ET ABANDON<\/strong><\/p>\n<p>5.1 Il y aura du personnel de l&#8217;organisation qui assurera la s\u00e9curit\u00e9 des participants. Il est obligatoire de suivre les instructions de ce personnel.<\/p>\n<p>5.2 En cas d&#8217;abandon, il est n\u00e9cessaire d&#8217;avertir le personnel de l&#8217;organisation dans les plus brefs d\u00e9lais via le num\u00e9ro de t\u00e9l\u00e9phone fourni par l&#8217;organisation.<\/p>\n<p>5.3 Sauf en cas d&#8217;accident, l&#8217;organisation ne sera pas responsable du transport des participants abandonnant.<\/p>\n<p>5.4 Une fois le retrait communiqu\u00e9, le participant doit restituer le dispositif de localisation fourni par l&#8217;organisation. A partir de ce moment, vous serez exclu de l&#8217;\u00e9v\u00e9nement et assumerez toute responsabilit\u00e9 d\u00e9coulant de votre retrait.<\/p>\n<p>5.5 En cas de n\u00e9cessit\u00e9 d&#8217;\u00e9vacuation en raison d&#8217;un accident, l&#8217;organisation doit \u00eatre inform\u00e9e pour activer l&#8217;op\u00e9ration de sauvetage.<\/p>\n<p>5.6 L&#8217;organisation pourra retirer ou d\u00e9tenir temporairement, \u00e0 sa discr\u00e9tion, les participants qui pr\u00e9sentent des probl\u00e8mes physiques \u00e9vidents (vomissements, diarrh\u00e9e, d\u00e9sorientation, \u00e9vanouissement&#8230;) pouvant mettre en danger leur sant\u00e9, ou ceux dont la condition physique est alt\u00e9r\u00e9e pour continuer.<\/p>\n<p>5.7 Les participants sont tenus de porter assistance aux personnes bless\u00e9es ou \u00e0 celles qui en ont besoin. Ceux qui ne respecteront pas cette obligation seront disqualifi\u00e9s.<\/p>\n<p><strong>ART 6. CONDITIONS DE PARTICIPATION<\/strong><\/p>\n<p>6.1 Les CAT700 et GRAN VERTICAL sont ouverts \u00e0 tous les athl\u00e8tes \u00e2g\u00e9s d&#8217;au moins 18 ans le jour de l&#8217;\u00e9preuve.<\/p>\n<p>6.2 En s&#8217;inscrivant, chaque participant conna\u00eet et accepte le pr\u00e9sent r\u00e8glement sans r\u00e9serve.<\/p>\n<p>6.3 Les participants, en s&#8217;inscrivant, confirment qu&#8217;ils sont pleinement inform\u00e9s des \u00e9v\u00e9nements et sont conscients de leur dur\u00e9e, de leur difficult\u00e9 et de leur exigence physique, confirment qu&#8217;ils ont les connaissances, l&#8217;exp\u00e9rience, les niveaux mat\u00e9riels et physiques et psychologiques n\u00e9cessaires pour pouvoir supporter et surmonter d&#8217;\u00e9ventuels probl\u00e8mes li\u00e9s aux exigences d&#8217;un \u00e9v\u00e9nement longue distance sans escale.<\/p>\n<p>6.4 L&#8217;organisation se r\u00e9serve le droit d&#8217;exclure ceux dont la conduite g\u00eane ou interf\u00e8re avec son bon d\u00e9veloppement.<\/p>\n<p><strong>ART 7. INSCRIPTION ET ASSURANCE<\/strong><\/p>\n<p>7.1 Les inscriptions et le paiement seront effectu\u00e9s en suivant les instructions figurant sur le formulaire d&#8217;inscription. Les inscriptions sont personnelles et incessibles. En aucun cas et en aucune circonstance des modifications ou transferts d\u2019inscription ne pourront \u00eatre effectu\u00e9s.<\/p>\n<p>Pour participer, il est obligatoire d&#8217;\u00eatre en possession d&#8217;une assurance accident avec couverture pour ce type d&#8217;\u00e9v\u00e9nement ou de souscrire \u00e0 l&#8217;assurance fournie par l&#8217;organisation, qui couvre m\u00e9dicalement les dommages corporels subis par le participant, mais ne couvre pas les dommages mat\u00e9riels. le v\u00e9lo ni d&#8217;autres accessoires.<\/p>\n<p>7.2 Annulations d&#8217;inscription.<\/p>\n<p>Les inscrits peuvent annuler leur inscription et recevoir un remboursement partiel des frais de participation pour toute raison qui les emp\u00eache de le faire \u00e0 la date stipul\u00e9e.<\/p>\n<p>Le montant qui sera restitu\u00e9 au participant qui annule son inscription sera de 80% du montant total de l&#8217;inscription jusqu&#8217;\u00e0 2 mois avant le test ; et 50% jusqu&#8217;\u00e0 20 jours avant, frais de gestion des inscriptions plus \u00e9lev\u00e9s (3,5%).<\/p>\n<p>Annulations \u00e0 partir de 20 jours avant le test : aucun remboursement ne sera effectu\u00e9.<\/p>\n<p>Une fois la demande de retrait faite, la place devient disponible pour l&#8217;organisme qui l&#8217;attribuera au candidat qui occupe \u00e0 ce moment la premi\u00e8re position sur la liste d&#8217;attente.<\/p>\n<p>En aucun cas la r\u00e9siliation ne donne le droit \u00e0 la personne qui se d\u00e9sabonne de choisir son rempla\u00e7ant.<\/p>\n<p>7.3 Nouvelle liste d&#8217;attente enregistr\u00e9e.<\/p>\n<p>Tous ceux qui souhaitent participer et n&#8217;ont pas obtenu de place peuvent s&#8217;inscrire sur une liste d&#8217;attente qui leur donnera la possibilit\u00e9, dans un ordre strict d&#8217;inscription, d&#8217;obtenir une place, si l&#8217;un des inscrits se d\u00e9siste.<\/p>\n<p>Les conditions de paiement pour les personnes inscrites sur la liste d&#8217;attente seront celles qui existent au moment de l&#8217;inscription et non celles au moment de l&#8217;inscription sur la liste d&#8217;attente.<\/p>\n<p>7.4 Organisation enregistr\u00e9e.<\/p>\n<p>L&#8217;organisation r\u00e9serve un nombre d&#8217;inscriptions, hors limite des participants inscrits, qui seront disponibles en fonction de ses besoins.<\/p>\n<p><strong>ART 8. ACCR\u00c9DITATIONS<\/strong><\/p>\n<p>Pour formaliser l&#8217;inscription le jour du d\u00e9part, les participants devront \u00eatre accr\u00e9dit\u00e9s et pr\u00e9senter leur DNI, passeport ou document \u00e9quivalent pour les participants \u00e9trangers.<\/p>\n<p><strong>ART 9. CONTR\u00d4LE DE SORTIE<\/strong><\/p>\n<p>Un contr\u00f4le sera effectu\u00e9 avant le d\u00e9part.<\/p>\n<p>9.1 Dans ce contr\u00f4le, Il y aura une v\u00e9rification du mat\u00e9riel obligatoire.<\/p>\n<p>9.2 Les participants qui n&#8217;apporteront pas le mat\u00e9riel obligatoire, ou qui le pr\u00e9senteront comme inutilisable ou d\u00e9fectueux au contr\u00f4le de d\u00e9part, ne pourront pas prendre le d\u00e9part.<\/p>\n<p><strong>ART 10. DISQUALIFICATIONS<\/strong><\/p>\n<ul>\n<li>Ne passez pas le contr\u00f4le de sortie.<\/li>\n<li>Ne pas suivre la trace.<\/li>\n<li>Modification ou transfert d&#8217;inscription \u00e0 une autre personne.<\/li>\n<li>Raccourcir ou couper l&#8217;itin\u00e9raire.<\/li>\n<li>B\u00e9n\u00e9ficiez de l&#8217;aide d&#8217;une \u00e9quipe de surveillance externe.<\/li>\n<li>Utilisez un moyen de transport autre que le v\u00e9lo lui-m\u00eame.<\/li>\n<li>Ne fournissez pas d&#8217;aide aux autres participants qui demandent de l&#8217;aide.<\/li>\n<li>Violations contre l&#8217;environnement.<\/li>\n<li>D\u00e9sob\u00e9ir aux ordres de l&#8217;organisation.<\/li>\n<li>Comportement antisportif envers les autres participants ou envers l&#8217;organisation.<\/li>\n<li>D\u00e9passer le d\u00e9lai.<\/li>\n<li>Refuser d&#8217;effectuer une inspection mat\u00e9rielle.<\/li>\n<\/ul>\n<p><strong>ART 11. PENALITES<\/strong><\/p>\n<ul>\n<li>Jeter volontairement des d\u00e9chets, d\u00e9chets ou emballages dans des zones non autoris\u00e9es : 2 heures<\/li>\n<li>Absence de mat\u00e9riel obligatoire : 1 heure pour chaque \u00e9l\u00e9ment<\/li>\n<li>Abandon du mat\u00e9riel : 2 h<\/li>\n<\/ul>\n<p><strong>ART 12. DROITS \u00c0 L&#8217;IMAGE<\/strong><\/p>\n<p>12.1 L&#8217;organisation se r\u00e9serve le droit \u00e0 l&#8217;image exclusive de l&#8217;\u00e9v\u00e9nement, ainsi que le droit d&#8217;exploiter les images, photographies et vid\u00e9o de l&#8217;\u00e9v\u00e9nement.<\/p>\n<p>12.2 L&#8217;organisation peut utiliser ce mat\u00e9riel graphique dans des publicit\u00e9s, des communiqu\u00e9s de presse ou \u00e0 toute autre fin promotionnelle de l&#8217;\u00e9v\u00e9nement, que ce soit \u00e0 l&#8217;occasion du CAT700, du GRAN VERTICAL ou d&#8217;autres \u00e9v\u00e9nements de l&#8217;ASSOCIACI\u00d3 ESPORTIVA CAT700 CATALUNYA.<\/p>\n<p>12.3 Tout projet m\u00e9diatique ou publicitaire doit avoir l&#8217;accord de l&#8217;organisation.<\/p>\n<p><strong>ART 13. PROTECTION DES DONN\u00c9ES<\/strong><\/p>\n<p>Conform\u00e9ment aux dispositions de la loi organique 15\/1999 sur la protection des donn\u00e9es personnelles et de la loi 34\/2002 sur les services de la soci\u00e9t\u00e9 de l&#8217;information, les donn\u00e9es personnelles collect\u00e9es feront partie d&#8217;une base de donn\u00e9es incluse dans un fichier appartenant \u00e0 l&#8217;ASSOCIACI\u00d3 ESPORTIVA CAT700 CATALUNYA. . Ces donn\u00e9es seront trait\u00e9es aux fins suivantes :<\/p>\n<ul>\n<li>G\u00e9rer les donn\u00e9es relatives des inscrits, donn\u00e9es n\u00e9cessaires \u00e0 l&#8217;organisation, \u00e0 la mise en \u0153uvre et \u00e0 la publication des horaires et des parcours.<\/li>\n<li>Informer sur les nouvelles activit\u00e9s, \u00e9v\u00e9nements et services r\u00e9alis\u00e9s par l&#8217;ASSOCIACI\u00d3 ESPORTIVA CAT700 CATALUNYA.<\/li>\n<li>L&#8217;ASSOCIACI\u00d3 ESPORTIVA CAT700 CATALUNYA peut partager les donn\u00e9es d&#8217;inscription \u00e0 ses \u00e9v\u00e9nements avec des entit\u00e9s et des marques collaboratrices.<\/li>\n<li>Les participants peuvent exercer leurs droits d&#8217;acc\u00e8s, de rectification, d&#8217;annulation et d&#8217;opposition en envoyant un email \u00e0 : info@cat700.com<\/li>\n<\/ul>\n<p><strong>ART 14. ACCEPTATION ET RESPONSABILIT\u00c9<\/strong><\/p>\n<p>14.1 Les personnes inscrites participent au CAT700 et au GRAN VERTICAL sous leur propre responsabilit\u00e9. La d\u00e9cision de d\u00e9marrer et de r\u00e9aliser cet \u00e9v\u00e9nement d\u2019autosuffisance et non-stop repose sur eux. Le participant doit avoir une exp\u00e9rience du cyclisme et est seul responsable de son comportement et des cons\u00e9quences qui en d\u00e9coulent, m\u00eame envers les tiers. Par cons\u00e9quent, il lib\u00e8re explicitement les organisateurs du CAT700 et du GRAN VERTICAL, l&#8217;ASSOCIACI\u00d3 ESPORTIVA CAT700 CATALUNYA, de tout accident et \u00e9ventualit\u00e9 pouvant d\u00e9couler de leur participation.<\/p>\n<p>14.2 L&#8217;organisation d\u00e9cline toute responsabilit\u00e9 en cas d&#8217;accident ou de n\u00e9gligence du participant, ainsi que de perte ou de casse des effets personnels de chaque participant. Chaque participant sera responsable de tout dommage ou blessure qui pourrait \u00eatre caus\u00e9 \u00e0 lui-m\u00eame ou \u00e0 des tiers, exon\u00e9rant l&#8217;organisation, l&#8217;ASSOCIACI\u00d3 ESPORTIVA CAT700 CATALUNYA, de toute responsabilit\u00e9 en cas d&#8217;accident ou de blessure.<\/p>\n<p>14.3 Les participants, en s&#8217;inscrivant, acceptent les conditions \u00e9tablies dans le pr\u00e9sent r\u00e8glement.<\/p>\n<p>14.4 Les participants devront signer les documents requis pour d\u00e9montrer plus clairement toute section du r\u00e8glement.<\/p>\n<p>14.5 Ce r\u00e8glement peut \u00eatre corrig\u00e9, modifi\u00e9 ou am\u00e9lior\u00e9 \u00e0 tout moment par l&#8217;organisation. Le fait de s&#8217;inscrire marque l&#8217;accord du participant avec le pr\u00e9sent r\u00e8glement.<\/p>\n","protected":false},"excerpt":{"rendered":"<p>R\u00c8GLEMENT &nbsp; ART 1. ORGANISATION 1.1 L&#8217;ASSOCIACI\u00d3 ESPORTIVA CAT700 CATALUNYA est l&#8217;organisateur du CAT700 et du GRAN VERTICAL. 1.2 Les CAT700 et GRAN VERTICAL sont des \u00e9preuves cyclistes de longue distance non comp\u00e9titives, d\u00e9velopp\u00e9es en autonomie et sans escale, et r\u00e9gies par le pr\u00e9sent r\u00e8glement. ART 2. PARCOURS 2.1 Le CAT700 a une distance comprise [&hellip;]<\/p>\n","protected":false},"author":1,"featured_media":0,"parent":0,"menu_order":0,"comment_status":"closed","ping_status":"closed","template":"","meta":{"footnotes":""},"class_list":["post-466","page","type-page","status-publish","hentry"],"_links":{"self":[{"href":"https:\/\/cat700.com\/fr\/wp-json\/wp\/v2\/pages\/466"}],"collection":[{"href":"https:\/\/cat700.com\/fr\/wp-json\/wp\/v2\/pages"}],"about":[{"href":"https:\/\/cat700.com\/fr\/wp-json\/wp\/v2\/types\/page"}],"author":[{"embeddable":true,"href":"https:\/\/cat700.com\/fr\/wp-json\/wp\/v2\/users\/1"}],"replies":[{"embeddable":true,"href":"https:\/\/cat700.com\/fr\/wp-json\/wp\/v2\/comments?post=466"}],"version-history":[{"count":10,"href":"https:\/\/cat700.com\/fr\/wp-json\/wp\/v2\/pages\/466\/revisions"}],"predecessor-version":[{"id":629,"href":"https:\/\/cat700.com\/fr\/wp-json\/wp\/v2\/pages\/466\/revisions\/629"}],"wp:attachment":[{"href":"https:\/\/cat700.com\/fr\/wp-json\/wp\/v2\/media?parent=466"}],"curies":[{"name":"wp","href":"https:\/\/api.w.org\/{rel}","templated":true}]}}